{"id":456,"date":"2026-01-08T14:49:55","date_gmt":"2026-01-08T13:49:55","guid":{"rendered":"https:\/\/stranaidea.it\/straba\/?page_id=456"},"modified":"2026-01-09T18:48:50","modified_gmt":"2026-01-09T17:48:50","slug":"privacy-policy","status":"publish","type":"page","link":"https:\/\/stranaidea.it\/straba\/privacy-policy\/","title":{"rendered":"Privacy Policy"},"content":{"rendered":"\t\t<div data-elementor-type=\"wp-page\" data-elementor-id=\"456\" class=\"elementor elementor-456\" data-elementor-post-type=\"page\">\n\t\t\t\t<div class=\"elementor-element elementor-element-e23ba44 e-con-full e-flex e-con e-parent\" data-id=\"e23ba44\" data-element_type=\"container\" data-e-type=\"container\" data-settings=\"{&quot;background_background&quot;:&quot;classic&quot;}\">\n\t\t\t\t<div class=\"elementor-element elementor-element-db5d478 elementor-widget elementor-widget-heading\" data-id=\"db5d478\" data-element_type=\"widget\" data-e-type=\"widget\" data-widget_type=\"heading.default\">\n\t\t\t\t\t<h1 class=\"elementor-heading-title elementor-size-default\">Privacy Policy - Cookie Policy<\/h1>\t\t\t\t<\/div>\n\t\t\t\t<\/div>\n\t\t<div class=\"elementor-element elementor-element-969ad76 e-con-full e-flex e-con e-parent\" data-id=\"969ad76\" data-element_type=\"container\" data-e-type=\"container\" data-settings=\"{&quot;background_background&quot;:&quot;classic&quot;}\">\n\t\t\t\t<div class=\"elementor-element elementor-element-a0d17c2 elementor-widget elementor-widget-text-editor\" data-id=\"a0d17c2\" data-element_type=\"widget\" data-e-type=\"widget\" data-widget_type=\"text-editor.default\">\n\t\t\t\t\t\t\t\t\t<div class=\"fusion-text fusion-text-1\"><div class=\"fusion-text fusion-text-1\"><p>In questa pagina si descrivono le modalit\u00e0 di gestione del sito in riferimento al trattamento dei dati personali degli utenti che lo consultano. Si tratta di un\u2019informativa che \u00e8 resa ai sensi dell\u2019art. 13 del Regolamento UE n. 2016\/679 (c.d. GDPR) a coloro che interagiscono con i servizi web della\u00a0<strong>Cooperativa Stranaidea SCS Impresa Sociale<\/strong>\u00a0accessibili per via telematica a partire dall\u2019indirizzo:\u00a0<a href=\"https:\/\/www.stranaidea.it\/\">Stranaidea \u2013 Impresa Sociale<\/a><\/p><p>Stranaidea SCS Impresa Sociale con sede legale in Via Paolo Veronese 202 \u2013 10148 Torino (TO), P.IVA 05188910011, (di seguito \u201c<strong>Cooperativa<\/strong>\u201d) si impegna costantemente per tutelare la privacy on-line dei suoi utenti.<\/p><p>Questo documento le permetter\u00e0 di conoscere la nostra politica sulla privacy per capire come le sue informazioni personali vengono gestite quando utilizza i nostri servizi e per consentirle, se del caso, di prestare un consenso al trattamento dei suoi dati personali espresso e consapevole nelle sezioni del sito ove viene richiesto di fornire i dati personali. Le ricordiamo che nelle varie sezioni dei siti web Cooperativa (di seguito \u201c<strong>Sito<\/strong>\u201c) ove raccogliamo i suoi dati personali sono pubblicate specifiche informative ai sensi dell\u2019art. 13 del Regolamento EU 2016\/679 (di seguito: \u201c<strong>Regolamento<\/strong>\u201c) per sua necessaria presa visione prima della fornitura dei dati richiesti.<\/p><p>Le informazioni ed i dati da lei forniti o altrimenti acquisiti nell\u2019ambito della registrazione ai possibili servizi offerti dal portale (ad esempio non esaustivo l\u2019invio di un curriculum, iscrizione alla newsletter, di seguito: \u201c<strong>Servizi<\/strong>\u201c), saranno oggetto di trattamento nel rispetto delle disposizioni del Regolamento e degli obblighi di riservatezza che ispirano l\u2019attivit\u00e0 della Cooperativa Stranaidea.<\/p><p>Secondo le norme del Regolamento, i trattamenti effettuati dalla Cooperativa saranno improntati ai principi di liceit\u00e0, correttezza, trasparenza, limitazione delle finalit\u00e0 e della conservazione, minimizzazione dei dati, esattezza, integrit\u00e0 e riservatezza.<\/p><p><strong>1. Titolare e Data Protection Officer<\/strong><\/p><p>Il Titolare del trattamento \u00e8 la scrivente Stranaidea Impresa Sociale nella persona del Suo Legale Rappresentante, con sede in Via Paolo Veronese 202 \u2013 10148 Torino (TO), con recapito e.mail dpo@stranaidea.it<\/p><p><strong>2. I dati personali oggetto del trattamento<br \/><\/strong>Per trattamento di dati personali intendiamo qualsiasi operazione o insieme di operazioni, compiute con o senza l\u2019ausilio di processi automatizzati e applicate a dati personali o insiemi di dati personali, come la raccolta, la registrazione, l\u2019organizzazione, la strutturazione, la conservazione, l\u2019adattamento o la modifica, l\u2019estrazione, la consultazione, l\u2019uso, la comunicazione mediante trasmissione, diffusione o qualsiasi altra forma di messa a disposizione, il raffronto o l\u2019interconnessione, la limitazione, la cancellazione o la distruzione.La informiamo che i dati personali oggetto di trattamento saranno costituiti \u2013 anche a seconda delle sue decisioni su come utilizzare i Servizi \u2013 da un identificativo come il nome, l\u2019indirizzo email, un numero di identificazione, un identificativo online, e altri dati idonei a renderla identificato\/a o identificabile, a seconda del tipo di Servizi richiesti (di seguito solo \u201c<strong>Dati Personali<\/strong>\u201c). in particolare, i Dati Personali trattati attraverso il Sito sono i seguenti:<br \/><strong>A \u2013\u00a0<\/strong><strong>Dati di navigazione<\/strong>I sistemi informatici e le procedure software preposte al funzionamento del Sito acquisiscono, nel corso del loro normale esercizio, alcuni Dati Personali la cui trasmissione \u00e8 implicita nell\u2019uso dei protocolli di comunicazione di Internet. Si tratta di informazioni che non sono raccolte per essere associate a interessati identificati, ma che per loro stessa natura potrebbero, attraverso elaborazioni ed associazioni con dati detenuti da terzi, permettere di identificare gli utenti. In questa categoria di dati rientrano:<\/p><ol><li><em>Indirizzi IP o i nomi a dominio dei computer utilizzati dagli utenti che si connettono al Sito,<\/em><\/li><li><em>Gli indirizzi in notazione URI (Uniform Resource Identifier) delle risorse richieste<\/em><\/li><li><em>L\u2019orario della richiesta<\/em><\/li><li><em>Altri parametri relativi al sistema operativo e all\u2019ambiente informatico dell\u2019utente.<\/em><\/li><\/ol><p>Questi dati vengono utilizzati al solo fine di ricavare informazioni statistiche anonime sull\u2019uso del Sito e per controllarne il corretto funzionamento, per identificare anomalie e\/o abusi, e vengono cancellati immediatamente dopo l\u2019elaborazione. I dati potrebbero essere utilizzati per l\u2019accertamento di responsabilit\u00e0 in caso di ipotetici reati informatici ai danni del sito o di terzi.<\/p><p><strong>B \u2013 Dati forniti volontariamente dall\u2019interessato<\/strong><\/p><p>L\u2019uso facoltativo, e conseguente invio esplicito e volontario di dati personali, di particolari Funzioni (ad esempio l\u2019invio di un Curriculum Vitae, Richieste di informazioni tramite apposito form da compilare, l\u2019iscrizione alla newsletter, l\u2019adesione al programma sostenitori della cooperativa, etc.) comporta la successiva acquisizione dei dati personali inviati, necessari al funzionamento della funzionalit\u00e0 scelta.<\/p><p>Specifiche eventuali informative di sintesi vengono riportate o visualizzate nelle pagine del Sito predisposte per i servizi a richiesta, in modo tale da richiamare l\u2019attenzione dell\u2019interessato sul trattamento dei suoi dati personali.<\/p><p><strong style=\"font-family: -apple-system, BlinkMacSystemFont, 'Segoe UI', Roboto, 'Helvetica Neue', Arial, 'Noto Sans', sans-serif, 'Apple Color Emoji', 'Segoe UI Emoji', 'Segoe UI Symbol', 'Noto Color Emoji';\">3. Finalit\u00e0 del trattamento<\/strong><\/p><p>Il trattamento dei dati \u00e8 diretto esclusivamente al raggiungimento delle seguenti finalit\u00e0:<\/p><ol><li><em>Finalit\u00e0 connesse all\u2019utilizzo dei servizi offerti per la navigazione dal sito;<\/em><\/li><li><em>Attivit\u00e0 connesse e strumentali alla gestione dei rapporti con l\u2019utenza (richieste di contatto);<\/em><\/li><li><em>Attivit\u00e0 di marketing e di profilazione, solo ed esclusivamente dietro specifico consenso, finalizzate a: invio di materiale pubblicitario\/informativo\/ promozionale, invio di newsletters, altres\u00ec in relazione a programmi e promozioni, anche on-line, comunicazioni, sviluppo e mantenimento dei rapporti commerciali, sensibilizzazione alla donazione e mantenimento dei rapporti con i donatori;<\/em><\/li><li><em>Trattare i dati relativi a curricula per la valutazione delle candidature lavorative;<\/em><\/li><li><em>Attivit\u00e0 di profilazione degli accessi e delle pagine visualizzate sul sito per inviare comunicazioni inerenti alla cooperativa su Facebook e Instragram o far visualizzare i post in evidenza della societ\u00e0 nella home dell\u2019interessato.<\/em><\/li><\/ol><p>Il conferimento dei dati per le finalit\u00e0 di cui ai punti 3 e 4 \u00e8 facoltativo e va prestato secondo le modalit\u00e0 di cui all\u2019art. 7 del GDPR. Le comunicazioni relative all\u2019attivit\u00e0 di marketing potranno avvenire mediante l\u2019utilizzo di modalit\u00e0 tradizionali (es: posta cartacea, telefonate con operatore) e telematiche (es: e-mail).<\/p><p>Il trattamento dei dati per la finalit\u00e0 5 avviene solo dietro accettazione dei cookies specifici legati a facebook, in caso non vengano accettati il processo non sar\u00e0 attivo.<\/p><p>Se siete gi\u00e0 nostri sostenitori, potremo inviarVi le comunicazioni commerciali relative a servizi analoghi a quelli cui state gi\u00e0 usufruendo, salvo Vostro dissenso.<\/p><p><strong>4. Modalit\u00e0 di trattamento<\/strong><\/p><p>Il trattamento dei dati potr\u00e0 consistere, oltre che nella loro raccolta, nella loro registrazione, organizzazione, conservazione, consultazione, elaborazione, modificazione, selezione, estrazione, raffronto, utilizzo, interconnessione, blocco, comunicazione, cancellazione e distruzione, secondo quanto previsto dall\u2019art. 4 n. 2) del GDPR. Potr\u00e0 essere effettuato sia con l\u2019utilizzo di supporto cartaceo, sia con l\u2019ausilio di strumenti elettronici, informatici e telematici, secondo modalit\u00e0 e con strumenti idonei a garantire la sicurezza e la riservatezza dei dati stessi. In particolare, saranno adottate tutte le misure tecniche e organizzative adeguate alla protezione dei dati ai fini di soddisfare i requisiti di legge e di tutelare i diritti degli interessati.<\/p><p><strong>5. Destinatari dei dati personali<\/strong><\/p><p>I suoi Dati Personali potranno essere condivisi, per le finalit\u00e0 di cui alla sezione 3 pi\u00f9 sopra, con:<\/p><p>a. soggetti che agiscono tipicamente in qualit\u00e0 di responsabili del trattamento ossia: i) persone, societ\u00e0 o studi professionali che prestano attivit\u00e0 di assistenza e consulenza alla Societ\u00e0 in materia contabile, amministrativa, legale, tributaria, finanziaria e di recupero crediti relativamente alla erogazione dei Servizi; ii) soggetti con i quali sia necessario interagire per l\u2019erogazione dei Servizi ovvero soggetti delegati a svolgere attivit\u00e0 di manutenzione tecnica (inclusa la manutenzione degli apparati di rete e delle reti di comunicazione elettronica);<\/p><p>b. soggetti, enti od autorit\u00e0 a cui sia obbligatorio comunicare i suoi dati personali in forza di disposizioni di legge o di ordini delle autorit\u00e0 (ad esempio, nel corso di indagini di natura penale la Cooperativa pu\u00f2 ricevere richieste da parte dell\u2019autorit\u00e0 giudiziaria di fornire log di traffico telematico);<\/p><p>c. persone autorizzate dalla Cooperativa al trattamento di Dati Personali necessario a svolgere attivit\u00e0 strettamente correlate all\u2019erogazione dei Servizi, che si siano impegnate alla riservatezza o abbiano un adeguato obbligo legale di riservatezza, quali i dipendenti di Cooperativa;<\/p><p><strong>6. Trasferimenti dei dati personali<\/strong><\/p><p>I suoi dati personali non vengono trasferiti al di fuori dello Spazio Economico Europeo. Qualora si rendesse necessario il trasferimento a societ\u00e0 terze al di fuori dell\u2019Unione Europea, per fini strettamente legati alle attivit\u00e0 di gestione della Cooperativa, verrebbe chiesto esplicito consenso all\u2019interessato prima di effettuare il trasferimento.<\/p><p>In caso di rapporti con soggetti terzi al di fuori dell\u2019unione europea i trasferimenti saranno basati su una decisione di adeguatezza o sulle Standard Contractual Clauses approvate dalla Commissione Europea. Maggiori informazioni sono disponibili presso il Titolare.<\/p><p><strong>7. Conservazione dei dati<\/strong><\/p><p>I Dati Personali trattati per le finalit\u00e0 di cui sopra saranno conservati per il tempo strettamente necessario a raggiungere quelle stesse finalit\u00e0.<\/p><p>Maggiori informazioni in merito al periodo di conservazione dei dati e ai criteri utilizzati per determinare tale periodo possono essere richieste scrivendo al Titolare del trattamento.<\/p><p><strong>8. Diritti degli interessati<\/strong><\/p><p>Lei ha il diritto di chiedere a Stranaidea, in qualunque momento, l\u2019accesso ai suoi Dati Personali, la rettifica o la cancellazione degli stessi o di opporsi al loro trattamento nei casi previsti dall\u2019articolo 20 del Regolamento, ha diritto di richiedere la limitazione del trattamento nei casi previsti dall\u2019art. 18 del Regolamento, nonch\u00e9 di ottenere in un formato strutturato, di uso comune e leggibile da dispositivo automatico i dati che la riguardano (portabilit\u00e0), nei casi previsti dall\u2019art. 20 del Regolamento. In ogni caso lei ha sempre diritto di proporre reclamo all\u2019autorit\u00e0 di controllo competente (Garante per la Protezione dei Dati Personali), ai sensi dell\u2019art. 77 del Regolamento, qualora ritenga che il trattamento dei suoi dati sia contrario alla normativa in vigore.<\/p><p>Le richieste vanno rivolte per iscritto inviando:<\/p><ul><li>Una raccomandata a\u00a0<strong>Stranaidea Impresa Sociale<\/strong>\u00a0con sede in Via Paolo Veronese 202 \u2013 10148 Torino (TO)<\/li><li>Una e. mail a dpo@stranaidea.it<\/li><\/ul><p><strong><br \/>9. Modifiche<\/strong><\/p><p>Stranaidea Impresa Sociale si riserva di modificarne o semplicemente aggiornarne il contenuto, in parte o completamente, anche a causa di variazioni della normativa applicabile. Qualora le modifiche alla presente Policy riguardino cambiamenti sostanziali nei trattamenti oppure possano avere comunque un impatto rilevante sugli interessati, la Cooperativa avr\u00f2 cura di notificarle opportunamente agli interessati.<\/p><\/div><div class=\"fusion-text fusion-text-2\"><p><i>Questa informativa sulla privacy \u00e8 stata aggiornata l\u2019ultima volta il 11 Marzo 2021 e si applica a tutti i cittadini dell\u2019Area Economica Europea.<\/i><\/p><h2 class=\"fusion-responsive-typography-calculated\" data-fontsize=\"30\" data-lineheight=\"33px\">Contatti<\/h2><p>Stranaidea SCS Impresa Sociale<br \/>Via Paolo Veronese 202, 10148 Torino<br \/>Italia<br \/>Sito web:\u00a0<a href=\"https:\/\/www.stranaidea.it\/\">https:\/\/www.stranaidea.it<\/a><br \/>Email:\u00a0<a href=\"mailto:info@stranaidea.it\" data-cmp-ab=\"2\">info@stranaidea.it<\/a><br \/>Numero di telefono: +390113841531<\/p><p>Avv. Genny Quercia \u2013 DPO Stranaidea<br \/>Corso Rodolfo Montevecchio 58\u00a010129 Torino<br \/>Numero di telefono: +390115694318<br \/>Email:\u00a0<a href=\"mailto:DPO@stranaidea.it\" data-cmp-ab=\"2\">DPO@stranaidea.it<\/a><\/p><\/div><\/div>\t\t\t\t\t\t\t\t<\/div>\n\t\t\t\t<\/div>\n\t\t\t\t<\/div>\n\t\t","protected":false},"excerpt":{"rendered":"<p>Privacy Policy &#8211; Cookie Policy In questa pagina si descrivono le modalit\u00e0 di gestione del sito in riferimento al trattamento dei dati personali degli utenti che lo consultano. Si tratta di un\u2019informativa che \u00e8 resa ai sensi dell\u2019art. 13 del Regolamento UE n. 2016\/679 (c.d. GDPR) a coloro che interagiscono con i servizi web della\u00a0Cooperativa [&hellip;]<\/p>\n","protected":false},"author":2,"featured_media":0,"parent":0,"menu_order":0,"comment_status":"closed","ping_status":"closed","template":"elementor_header_footer","meta":{"iawp_total_views":9,"footnotes":""},"class_list":["post-456","page","type-page","status-publish","hentry"],"yoast_head":"<!-- This site is optimized with the Yoast SEO plugin v27.1.1 - https:\/\/yoast.com\/product\/yoast-seo-wordpress\/ -->\n<title>Privacy Policy - Stranaidea<\/title>\n<meta name=\"robots\" content=\"index, follow, max-snippet:-1, max-image-preview:large, max-video-preview:-1\" \/>\n<link rel=\"canonical\" href=\"https:\/\/stranaidea.it\/straba\/privacy-policy\/\" \/>\n<meta property=\"og:locale\" content=\"it_IT\" \/>\n<meta property=\"og:type\" content=\"article\" \/>\n<meta property=\"og:title\" content=\"Privacy Policy - Stranaidea\" \/>\n<meta property=\"og:description\" content=\"Privacy Policy &#8211; Cookie Policy In questa pagina si descrivono le modalit\u00e0 di gestione del sito in riferimento al trattamento dei dati personali degli utenti che lo consultano. Si tratta di un\u2019informativa che \u00e8 resa ai sensi dell\u2019art. 13 del Regolamento UE n. 2016\/679 (c.d. GDPR) a coloro che interagiscono con i servizi web della\u00a0Cooperativa [&hellip;]\" \/>\n<meta property=\"og:url\" content=\"https:\/\/stranaidea.it\/straba\/privacy-policy\/\" \/>\n<meta property=\"og:site_name\" content=\"Stranaidea\" \/>\n<meta property=\"article:modified_time\" content=\"2026-01-09T17:48:50+00:00\" \/>\n<meta name=\"twitter:card\" content=\"summary_large_image\" \/>\n<meta name=\"twitter:label1\" content=\"Tempo di lettura stimato\" \/>\n\t<meta name=\"twitter:data1\" content=\"8 minuti\" \/>\n<script type=\"application\/ld+json\" class=\"yoast-schema-graph\">{\"@context\":\"https:\/\/schema.org\",\"@graph\":[{\"@type\":\"WebPage\",\"@id\":\"https:\/\/stranaidea.it\/straba\/privacy-policy\/\",\"url\":\"https:\/\/stranaidea.it\/straba\/privacy-policy\/\",\"name\":\"Privacy Policy - Stranaidea\",\"isPartOf\":{\"@id\":\"https:\/\/stranaidea.it\/straba\/#website\"},\"datePublished\":\"2026-01-08T13:49:55+00:00\",\"dateModified\":\"2026-01-09T17:48:50+00:00\",\"breadcrumb\":{\"@id\":\"https:\/\/stranaidea.it\/straba\/privacy-policy\/#breadcrumb\"},\"inLanguage\":\"it-IT\",\"potentialAction\":[{\"@type\":\"ReadAction\",\"target\":[\"https:\/\/stranaidea.it\/straba\/privacy-policy\/\"]}]},{\"@type\":\"BreadcrumbList\",\"@id\":\"https:\/\/stranaidea.it\/straba\/privacy-policy\/#breadcrumb\",\"itemListElement\":[{\"@type\":\"ListItem\",\"position\":1,\"name\":\"Home\",\"item\":\"https:\/\/stranaidea.it\/straba\/\"},{\"@type\":\"ListItem\",\"position\":2,\"name\":\"Privacy Policy\"}]},{\"@type\":\"WebSite\",\"@id\":\"https:\/\/stranaidea.it\/straba\/#website\",\"url\":\"https:\/\/stranaidea.it\/straba\/\",\"name\":\"Straba\",\"description\":\"Straba\",\"publisher\":{\"@id\":\"https:\/\/stranaidea.it\/straba\/#organization\"},\"potentialAction\":[{\"@type\":\"SearchAction\",\"target\":{\"@type\":\"EntryPoint\",\"urlTemplate\":\"https:\/\/stranaidea.it\/straba\/?s={search_term_string}\"},\"query-input\":{\"@type\":\"PropertyValueSpecification\",\"valueRequired\":true,\"valueName\":\"search_term_string\"}}],\"inLanguage\":\"it-IT\"},{\"@type\":\"Organization\",\"@id\":\"https:\/\/stranaidea.it\/straba\/#organization\",\"name\":\"Stranaidea\",\"url\":\"https:\/\/stranaidea.it\/straba\/\",\"logo\":{\"@type\":\"ImageObject\",\"inLanguage\":\"it-IT\",\"@id\":\"https:\/\/stranaidea.it\/straba\/#\/schema\/logo\/image\/\",\"url\":\"https:\/\/stranaidea.it\/straba\/wp-content\/uploads\/2026\/01\/logo-straba.svg\",\"contentUrl\":\"https:\/\/stranaidea.it\/straba\/wp-content\/uploads\/2026\/01\/logo-straba.svg\",\"width\":1512,\"height\":346,\"caption\":\"Stranaidea\"},\"image\":{\"@id\":\"https:\/\/stranaidea.it\/straba\/#\/schema\/logo\/image\/\"},\"sameAs\":[\"https:\/\/www.instagram.com\/straba_centroaba\/\"]}]}<\/script>\n<!-- \/ Yoast SEO plugin. -->","yoast_head_json":{"title":"Privacy Policy - Stranaidea","robots":{"index":"index","follow":"follow","max-snippet":"max-snippet:-1","max-image-preview":"max-image-preview:large","max-video-preview":"max-video-preview:-1"},"canonical":"https:\/\/stranaidea.it\/straba\/privacy-policy\/","og_locale":"it_IT","og_type":"article","og_title":"Privacy Policy - Stranaidea","og_description":"Privacy Policy &#8211; Cookie Policy In questa pagina si descrivono le modalit\u00e0 di gestione del sito in riferimento al trattamento dei dati personali degli utenti che lo consultano. Si tratta di un\u2019informativa che \u00e8 resa ai sensi dell\u2019art. 13 del Regolamento UE n. 2016\/679 (c.d. GDPR) a coloro che interagiscono con i servizi web della\u00a0Cooperativa [&hellip;]","og_url":"https:\/\/stranaidea.it\/straba\/privacy-policy\/","og_site_name":"Stranaidea","article_modified_time":"2026-01-09T17:48:50+00:00","twitter_card":"summary_large_image","twitter_misc":{"Tempo di lettura stimato":"8 minuti"},"schema":{"@context":"https:\/\/schema.org","@graph":[{"@type":"WebPage","@id":"https:\/\/stranaidea.it\/straba\/privacy-policy\/","url":"https:\/\/stranaidea.it\/straba\/privacy-policy\/","name":"Privacy Policy - Stranaidea","isPartOf":{"@id":"https:\/\/stranaidea.it\/straba\/#website"},"datePublished":"2026-01-08T13:49:55+00:00","dateModified":"2026-01-09T17:48:50+00:00","breadcrumb":{"@id":"https:\/\/stranaidea.it\/straba\/privacy-policy\/#breadcrumb"},"inLanguage":"it-IT","potentialAction":[{"@type":"ReadAction","target":["https:\/\/stranaidea.it\/straba\/privacy-policy\/"]}]},{"@type":"BreadcrumbList","@id":"https:\/\/stranaidea.it\/straba\/privacy-policy\/#breadcrumb","itemListElement":[{"@type":"ListItem","position":1,"name":"Home","item":"https:\/\/stranaidea.it\/straba\/"},{"@type":"ListItem","position":2,"name":"Privacy Policy"}]},{"@type":"WebSite","@id":"https:\/\/stranaidea.it\/straba\/#website","url":"https:\/\/stranaidea.it\/straba\/","name":"Straba","description":"Straba","publisher":{"@id":"https:\/\/stranaidea.it\/straba\/#organization"},"potentialAction":[{"@type":"SearchAction","target":{"@type":"EntryPoint","urlTemplate":"https:\/\/stranaidea.it\/straba\/?s={search_term_string}"},"query-input":{"@type":"PropertyValueSpecification","valueRequired":true,"valueName":"search_term_string"}}],"inLanguage":"it-IT"},{"@type":"Organization","@id":"https:\/\/stranaidea.it\/straba\/#organization","name":"Stranaidea","url":"https:\/\/stranaidea.it\/straba\/","logo":{"@type":"ImageObject","inLanguage":"it-IT","@id":"https:\/\/stranaidea.it\/straba\/#\/schema\/logo\/image\/","url":"https:\/\/stranaidea.it\/straba\/wp-content\/uploads\/2026\/01\/logo-straba.svg","contentUrl":"https:\/\/stranaidea.it\/straba\/wp-content\/uploads\/2026\/01\/logo-straba.svg","width":1512,"height":346,"caption":"Stranaidea"},"image":{"@id":"https:\/\/stranaidea.it\/straba\/#\/schema\/logo\/image\/"},"sameAs":["https:\/\/www.instagram.com\/straba_centroaba\/"]}]}},"_links":{"self":[{"href":"https:\/\/stranaidea.it\/straba\/wp-json\/wp\/v2\/pages\/456","targetHints":{"allow":["GET"]}}],"collection":[{"href":"https:\/\/stranaidea.it\/straba\/wp-json\/wp\/v2\/pages"}],"about":[{"href":"https:\/\/stranaidea.it\/straba\/wp-json\/wp\/v2\/types\/page"}],"author":[{"embeddable":true,"href":"https:\/\/stranaidea.it\/straba\/wp-json\/wp\/v2\/users\/2"}],"replies":[{"embeddable":true,"href":"https:\/\/stranaidea.it\/straba\/wp-json\/wp\/v2\/comments?post=456"}],"version-history":[{"count":46,"href":"https:\/\/stranaidea.it\/straba\/wp-json\/wp\/v2\/pages\/456\/revisions"}],"predecessor-version":[{"id":585,"href":"https:\/\/stranaidea.it\/straba\/wp-json\/wp\/v2\/pages\/456\/revisions\/585"}],"wp:attachment":[{"href":"https:\/\/stranaidea.it\/straba\/wp-json\/wp\/v2\/media?parent=456"}],"curies":[{"name":"wp","href":"https:\/\/api.w.org\/{rel}","templated":true}]}}